{"id":2738,"date":"2022-01-19T09:36:38","date_gmt":"2022-01-19T08:36:38","guid":{"rendered":"https:\/\/www.contabiliza.es\/blog\/form-autonomo\/"},"modified":"2022-03-25T13:09:29","modified_gmt":"2022-03-25T12:09:29","slug":"freelance-form","status":"publish","type":"page","link":"https:\/\/contabiliza.es\/en\/freelance-form\/","title":{"rendered":"Freelance Form"},"content":{"rendered":"\t\t<div data-elementor-type=\"wp-page\" data-elementor-id=\"2738\" class=\"elementor elementor-2738 elementor-1899\" data-elementor-settings=\"{&quot;ha_cmc_init_switcher&quot;:&quot;no&quot;}\" data-elementor-post-type=\"page\">\n\t\t\t\t\t\t<section class=\"elementor-section elementor-top-section elementor-element elementor-element-ce2ee50 elementor-section-boxed elementor-section-height-default elementor-section-height-default\" data-id=\"ce2ee50\" data-element_type=\"section\" data-e-type=\"section\" data-settings=\"{&quot;jet_parallax_layout_list&quot;:[{&quot;jet_parallax_layout_image&quot;:{&quot;url&quot;:&quot;&quot;,&quot;id&quot;:&quot;&quot;,&quot;size&quot;:&quot;&quot;},&quot;_id&quot;:&quot;a4f9db5&quot;,&quot;jet_parallax_layout_image_tablet&quot;:{&quot;url&quot;:&quot;&quot;,&quot;id&quot;:&quot;&quot;,&quot;size&quot;:&quot;&quot;},&quot;jet_parallax_layout_image_mobile&quot;:{&quot;url&quot;:&quot;&quot;,&quot;id&quot;:&quot;&quot;,&quot;size&quot;:&quot;&quot;},&quot;jet_parallax_layout_speed&quot;:{&quot;unit&quot;:&quot;%&quot;,&quot;size&quot;:50,&quot;sizes&quot;:[]},&quot;jet_parallax_layout_type&quot;:&quot;scroll&quot;,&quot;jet_parallax_layout_direction&quot;:&quot;1&quot;,&quot;jet_parallax_layout_fx_direction&quot;:null,&quot;jet_parallax_layout_z_index&quot;:&quot;&quot;,&quot;jet_parallax_layout_bg_x&quot;:50,&quot;jet_parallax_layout_bg_x_tablet&quot;:&quot;&quot;,&quot;jet_parallax_layout_bg_x_mobile&quot;:&quot;&quot;,&quot;jet_parallax_layout_bg_y&quot;:50,&quot;jet_parallax_layout_bg_y_tablet&quot;:&quot;&quot;,&quot;jet_parallax_layout_bg_y_mobile&quot;:&quot;&quot;,&quot;jet_parallax_layout_bg_size&quot;:&quot;auto&quot;,&quot;jet_parallax_layout_bg_size_tablet&quot;:&quot;&quot;,&quot;jet_parallax_layout_bg_size_mobile&quot;:&quot;&quot;,&quot;jet_parallax_layout_animation_prop&quot;:&quot;transform&quot;,&quot;jet_parallax_layout_on&quot;:[&quot;desktop&quot;,&quot;tablet&quot;]}],&quot;_ha_eqh_enable&quot;:false}\">\n\t\t\t\t\t\t<div class=\"elementor-container elementor-column-gap-default\">\n\t\t\t\t\t<div class=\"elementor-column elementor-col-50 elementor-top-column elementor-element elementor-element-cb678f1\" data-id=\"cb678f1\" data-element_type=\"column\" data-e-type=\"column\">\n\t\t\t<div class=\"elementor-widget-wrap elementor-element-populated\">\n\t\t\t\t\t\t<div class=\"elementor-element elementor-element-48cd1c5 elementor-nav-menu__align-start elementor-nav-menu--dropdown-mobile elementor-nav-menu__text-align-aside elementor-nav-menu--toggle elementor-nav-menu--burger elementor-widget elementor-widget-nav-menu\" data-id=\"48cd1c5\" data-element_type=\"widget\" data-e-type=\"widget\" data-settings=\"{&quot;layout&quot;:&quot;vertical&quot;,&quot;submenu_icon&quot;:{&quot;value&quot;:&quot;&lt;i class=\\&quot;fas fa-caret-down\\&quot; aria-hidden=\\&quot;true\\&quot;&gt;&lt;\\\/i&gt;&quot;,&quot;library&quot;:&quot;fa-solid&quot;},&quot;toggle&quot;:&quot;burger&quot;}\" data-widget_type=\"nav-menu.default\">\n\t\t\t\t<div class=\"elementor-widget-container\">\n\t\t\t\t\t\t\t\t<nav aria-label=\"Menu\" class=\"elementor-nav-menu--main elementor-nav-menu__container elementor-nav-menu--layout-vertical e--pointer-none\">\n\t\t\t\t<ul id=\"menu-1-48cd1c5\" class=\"elementor-nav-menu sm-vertical\"><li class=\"menu-item menu-item-type-post_type menu-item-object-page menu-item-1994\"><a href=\"https:\/\/contabiliza.es\/form-autonomo\/\" class=\"elementor-item\">Freelance Form<\/a><\/li>\n<li class=\"menu-item menu-item-type-post_type menu-item-object-page menu-item-1992\"><a href=\"https:\/\/contabiliza.es\/formulario-empresa\/\" class=\"elementor-item\">Company Form<\/a><\/li>\n<li class=\"menu-item menu-item-type-post_type menu-item-object-page menu-item-1993\"><a href=\"https:\/\/contabiliza.es\/formulario-particular\/\" class=\"elementor-item\">Private Form<\/a><\/li>\n<\/ul>\t\t\t<\/nav>\n\t\t\t\t\t<div class=\"elementor-menu-toggle\" role=\"button\" tabindex=\"0\" aria-label=\"Menu Toggle\" aria-expanded=\"false\">\n\t\t\t<i aria-hidden=\"true\" role=\"presentation\" class=\"elementor-menu-toggle__icon--open eicon-menu-bar\"><\/i><i aria-hidden=\"true\" role=\"presentation\" class=\"elementor-menu-toggle__icon--close eicon-close\"><\/i>\t\t<\/div>\n\t\t\t\t\t<nav class=\"elementor-nav-menu--dropdown elementor-nav-menu__container\" aria-hidden=\"true\">\n\t\t\t\t<ul id=\"menu-2-48cd1c5\" class=\"elementor-nav-menu sm-vertical\"><li class=\"menu-item menu-item-type-post_type menu-item-object-page menu-item-1994\"><a href=\"https:\/\/contabiliza.es\/form-autonomo\/\" class=\"elementor-item\" tabindex=\"-1\">Freelance Form<\/a><\/li>\n<li class=\"menu-item menu-item-type-post_type menu-item-object-page menu-item-1992\"><a href=\"https:\/\/contabiliza.es\/formulario-empresa\/\" class=\"elementor-item\" tabindex=\"-1\">Company Form<\/a><\/li>\n<li class=\"menu-item menu-item-type-post_type menu-item-object-page menu-item-1993\"><a href=\"https:\/\/contabiliza.es\/formulario-particular\/\" class=\"elementor-item\" tabindex=\"-1\">Private Form<\/a><\/li>\n<\/ul>\t\t\t<\/nav>\n\t\t\t\t\t\t<\/div>\n\t\t\t\t<\/div>\n\t\t\t\t<div class=\"elementor-element elementor-element-9df7046 elementor-widget elementor-widget-spacer\" data-id=\"9df7046\" data-element_type=\"widget\" data-e-type=\"widget\" data-widget_type=\"spacer.default\">\n\t\t\t\t<div class=\"elementor-widget-container\">\n\t\t\t\t\t\t\t<div class=\"elementor-spacer\">\n\t\t\t<div class=\"elementor-spacer-inner\"><\/div>\n\t\t<\/div>\n\t\t\t\t\t\t<\/div>\n\t\t\t\t<\/div>\n\t\t\t\t\t<\/div>\n\t\t<\/div>\n\t\t\t\t<div class=\"elementor-column elementor-col-50 elementor-top-column elementor-element elementor-element-398d1fe\" data-id=\"398d1fe\" data-element_type=\"column\" data-e-type=\"column\">\n\t\t\t<div class=\"elementor-widget-wrap elementor-element-populated\">\n\t\t\t\t\t\t<div class=\"elementor-element elementor-element-8388977 elementor-widget elementor-widget-heading\" data-id=\"8388977\" data-element_type=\"widget\" data-e-type=\"widget\" data-widget_type=\"heading.default\">\n\t\t\t\t<div class=\"elementor-widget-container\">\n\t\t\t\t\t<h2 class=\"elementor-heading-title elementor-size-default\">Online application<\/h2>\t\t\t\t<\/div>\n\t\t\t\t<\/div>\n\t\t\t\t<div class=\"elementor-element elementor-element-f417e8a elementor-widget elementor-widget-heading\" data-id=\"f417e8a\" data-element_type=\"widget\" data-e-type=\"widget\" data-widget_type=\"heading.default\">\n\t\t\t\t<div class=\"elementor-widget-container\">\n\t\t\t\t\t<h2 class=\"elementor-heading-title elementor-size-default\">Freelance<\/h2>\t\t\t\t<\/div>\n\t\t\t\t<\/div>\n\t\t\t\t<div class=\"elementor-element elementor-element-dd5559d elementor-widget elementor-widget-heading\" data-id=\"dd5559d\" data-element_type=\"widget\" data-e-type=\"widget\" data-widget_type=\"heading.default\">\n\t\t\t\t<div class=\"elementor-widget-container\">\n\t\t\t\t\t<h5 class=\"elementor-heading-title elementor-size-default\">* Required fields<\/h5>\t\t\t\t<\/div>\n\t\t\t\t<\/div>\n\t\t\t\t<div class=\"elementor-element elementor-element-660a90e elementor-widget elementor-widget-jet-engine-booking-form\" data-id=\"660a90e\" data-element_type=\"widget\" data-e-type=\"widget\" data-widget_type=\"jet-engine-booking-form.default\">\n\t\t\t\t<div class=\"elementor-widget-container\">\n\t\t\t\t\t<form  class=\"jet-form layout-column submit-type-reload\" action=\"\/en\/wp-json\/wp\/v2\/pages\/2738?jet_engine_action=book&#038;nocache=1776399819\" method=\"POST\" data-form-id=\"2358\"><input class=\"jet-form__field hidden-field\" type=\"hidden\" name=\"_jet_engine_booking_form_id\" value=\"2358\" data-field-name=\"_jet_engine_booking_form_id\"><input class=\"jet-form__field hidden-field\" type=\"hidden\" name=\"_jet_engine_refer\" value=\"https:\/\/contabiliza.es\/en\/wp-json\/wp\/v2\/pages\/2738\/\" data-field-name=\"_jet_engine_refer\"><div  class=\"jet-form-row jet-form-row--first-visible\"><div class=\"jet-form-col jet-form-col-12  field-type-checkboxes  jet-form-field-container\" data-field=\"Servicios_campo_s\" data-conditional=\"false\"><div class=\"jet-form__label\">\n\t<span class=\"jet-form__label-text\" >Servicios<span class=\"jet-form__required\">*<\/span><\/span>\n\t<\/div><div class=\"jet-form__fields-group checkradio-wrap\">\t\t<div class=\"jet-form__field-wrap checkboxes-wrap checkradio-wrap\">\n\t\t\t\t\t\t<label class=\"jet-form__field-label\">\n\t\t\t\t<input\n\t\t\t\t\ttype=\"checkbox\"\n\t\t\t\t\tname=\"Servicios_campo_s[]\"\n\t\t\t\t\tclass=\"jet-form__field checkboxes-field checkradio-field checkboxes-group-required\"\n\t\t\t\t\tvalue=\"Contabilidad\"\n\t\t\t\t\tdata-field-name=\"Servicios_campo_s\"\n\t\t\t\t\t\t\t\t\t\trequired=\"required\"\t\t\t\t\t data-calculate=\"25\"\t\t\t\t>\n\t\t\t\tContabilidad  \/ accounting\t\t\t<\/label>\n\t\t<\/div>\n\t\t\t\t<div class=\"jet-form__field-wrap checkboxes-wrap checkradio-wrap\">\n\t\t\t\t\t\t<label class=\"jet-form__field-label\">\n\t\t\t\t<input\n\t\t\t\t\ttype=\"checkbox\"\n\t\t\t\t\tname=\"Servicios_campo_s[]\"\n\t\t\t\t\tclass=\"jet-form__field checkboxes-field checkradio-field checkboxes-group-required\"\n\t\t\t\t\tvalue=\"Fiscal \"\n\t\t\t\t\tdata-field-name=\"Servicios_campo_s\"\n\t\t\t\t\t\t\t\t\t\trequired=\"required\"\t\t\t\t\t data-calculate=\"35\"\t\t\t\t>\n\t\t\t\tFiscal \/ taxes\t\t\t<\/label>\n\t\t<\/div>\n\t\t\t\t<div class=\"jet-form__field-wrap checkboxes-wrap checkradio-wrap\">\n\t\t\t\t\t\t<label class=\"jet-form__field-label\">\n\t\t\t\t<input\n\t\t\t\t\ttype=\"checkbox\"\n\t\t\t\t\tname=\"Servicios_campo_s[]\"\n\t\t\t\t\tclass=\"jet-form__field checkboxes-field checkradio-field checkboxes-group-required\"\n\t\t\t\t\tvalue=\"Laboral 1 trabajador\"\n\t\t\t\t\tdata-field-name=\"Servicios_campo_s\"\n\t\t\t\t\t\t\t\t\t\trequired=\"required\"\t\t\t\t\t data-calculate=\"47\"\t\t\t\t>\n\t\t\t\tLaboral 1 trabajador \/ Labor 1 worker\t\t\t<\/label>\n\t\t<\/div>\n\t\t\t\t<div class=\"jet-form__field-wrap checkboxes-wrap checkradio-wrap\">\n\t\t\t\t\t\t<label class=\"jet-form__field-label\">\n\t\t\t\t<input\n\t\t\t\t\ttype=\"checkbox\"\n\t\t\t\t\tname=\"Servicios_campo_s[]\"\n\t\t\t\t\tclass=\"jet-form__field checkboxes-field checkradio-field checkboxes-group-required\"\n\t\t\t\t\tvalue=\"Laboral 2 trabajadores\"\n\t\t\t\t\tdata-field-name=\"Servicios_campo_s\"\n\t\t\t\t\t\t\t\t\t\trequired=\"required\"\t\t\t\t\t data-calculate=\"58\"\t\t\t\t>\n\t\t\t\tLaboral 2 trabajadores \/ Labor 2 worker\t\t\t<\/label>\n\t\t<\/div>\n\t\t\t\t<div class=\"jet-form__field-wrap checkboxes-wrap checkradio-wrap\">\n\t\t\t\t\t\t<label class=\"jet-form__field-label\">\n\t\t\t\t<input\n\t\t\t\t\ttype=\"checkbox\"\n\t\t\t\t\tname=\"Servicios_campo_s[]\"\n\t\t\t\t\tclass=\"jet-form__field checkboxes-field checkradio-field checkboxes-group-required\"\n\t\t\t\t\tvalue=\" Laboral 3 trabajadores\"\n\t\t\t\t\tdata-field-name=\"Servicios_campo_s\"\n\t\t\t\t\t\t\t\t\t\trequired=\"required\"\t\t\t\t\t data-calculate=\"69\"\t\t\t\t>\n\t\t\t\t Laboral 3 trabajadores \/ Labor 3 worker\t\t\t<\/label>\n\t\t<\/div>\n\t\t\t\t<div class=\"jet-form__field-wrap checkboxes-wrap checkradio-wrap\">\n\t\t\t\t\t\t<label class=\"jet-form__field-label\">\n\t\t\t\t<input\n\t\t\t\t\ttype=\"checkbox\"\n\t\t\t\t\tname=\"Servicios_campo_s[]\"\n\t\t\t\t\tclass=\"jet-form__field checkboxes-field checkradio-field checkboxes-group-required\"\n\t\t\t\t\tvalue=\"Laboral 4 trabajadores\"\n\t\t\t\t\tdata-field-name=\"Servicios_campo_s\"\n\t\t\t\t\t\t\t\t\t\trequired=\"required\"\t\t\t\t\t data-calculate=\"80\"\t\t\t\t>\n\t\t\t\tLaboral 4 trabajadores \/ Labor 4 worker\t\t\t<\/label>\n\t\t<\/div>\n\t\t\t\t<div class=\"jet-form__field-wrap checkboxes-wrap checkradio-wrap\">\n\t\t\t\t\t\t<label class=\"jet-form__field-label\">\n\t\t\t\t<input\n\t\t\t\t\ttype=\"checkbox\"\n\t\t\t\t\tname=\"Servicios_campo_s[]\"\n\t\t\t\t\tclass=\"jet-form__field checkboxes-field checkradio-field checkboxes-group-required\"\n\t\t\t\t\tvalue=\"Laboral 5 trabajadores\"\n\t\t\t\t\tdata-field-name=\"Servicios_campo_s\"\n\t\t\t\t\t\t\t\t\t\trequired=\"required\"\t\t\t\t\t data-calculate=\"91\"\t\t\t\t>\n\t\t\t\tLaboral 5 trabajadores \/ Labor 5 worker\t\t\t<\/label>\n\t\t<\/div>\n\t\t<\/div><\/div><\/div><div  class=\"jet-form-row\"><div class=\"jet-form-col jet-form-col-12  field-type-calculated  jet-form-field-container\" data-field=\"Precio_campo_s\" data-conditional=\"false\"><div class=\"jet-form__label\">\n\t<span class=\"jet-form__label-text\" >Precio \/ Price<\/span>\n\t<\/div><div class=\"jet-form__calculated-field\" data-formula=\"%Servicios_campo_s%\" data-name=\"Precio_campo_s\" data-listen_to=\"[&quot;Servicios_campo_s&quot;]\" data-precision=\"2\">\n\t\t<input type=\"hidden\" name=\"Precio_campo_s\" value=\"\" class=\"jet-form__calculated-field-input jet-form__field\" data-field-name=\"Precio_campo_s\">\n\t\t\t<div class=\"jet-form__calculated-field-val\"><\/div>\n\t\t<\/div><\/div><\/div><div  class=\"jet-form-row\"><div class=\"jet-form-col jet-form-col-12  field-type-heading  jet-form-field-container\" data-field=\"heading\" data-conditional=\"false\"><div class=\"jet-form__heading\">\n\t<span class=\"jet-form__label-text\" >Datos cliente \/ client data<\/span>\n\t<\/div><\/div><\/div><div  class=\"jet-form-row\"><div class=\"jet-form-col jet-form-col-6  field-type-text  jet-form-field-container\" data-field=\"Nombre_Razon_social\" data-conditional=\"false\"><div class=\"jet-form__label\">\n\t<span class=\"jet-form__label-text\" >Nombre \/ Name<span class=\"jet-form__required\">*<\/span><\/span>\n\t<\/div><input class=\"jet-form__field text-field \" value=\"\" required=\"required\" name=\"Nombre_Razon_social\" id=\"Nombre_Razon_social\" type=\"text\" data-field-name=\"Nombre_Razon_social\"><\/div><div class=\"jet-form-col jet-form-col-6  field-type-text  jet-form-field-container\" data-field=\"apellidos_campo\" data-conditional=\"false\"><div class=\"jet-form__label\">\n\t<span class=\"jet-form__label-text\" >Apellidos \/ Surname <span class=\"jet-form__required\">*<\/span><\/span>\n\t<\/div><input class=\"jet-form__field text-field \" value=\"\" required=\"required\" name=\"apellidos_campo\" id=\"apellidos_campo\" type=\"text\" data-field-name=\"apellidos_campo\"><\/div><\/div><div  class=\"jet-form-row\"><div class=\"jet-form-col jet-form-col-6  field-type-text  jet-form-field-container\" data-field=\"NIF_nie_cif_camp\" data-conditional=\"false\"><div class=\"jet-form__label\">\n\t<span class=\"jet-form__label-text\" >NIF \/ NIE \/ CIF<span class=\"jet-form__required\">*<\/span><\/span>\n\t<\/div><input class=\"jet-form__field text-field \" value=\"\" required=\"required\" name=\"NIF_nie_cif_camp\" id=\"NIF_nie_cif_camp\" type=\"text\" data-field-name=\"NIF_nie_cif_camp\"><\/div><div class=\"jet-form-col jet-form-col-6  field-type-date  jet-form-field-container\" data-field=\"Fecha_nacimiento\" data-conditional=\"false\"><div class=\"jet-form__label\">\n\t<span class=\"jet-form__label-text\" >Fecha nacimiento \/ Birth date<span class=\"jet-form__required\">*<\/span><\/span>\n\t<\/div><input class=\"jet-form__field date-field\" value=\"\" required=\"required\" name=\"Fecha_nacimiento\" type=\"date\" data-field-name=\"Fecha_nacimiento\" id=\"Fecha_nacimiento\"><\/div><\/div><div  class=\"jet-form-row\"><div class=\"jet-form-col jet-form-col-12  field-type-text  jet-form-field-container\" data-field=\"Direccion_campo_s\" data-conditional=\"false\"><div class=\"jet-form__label\">\n\t<span class=\"jet-form__label-text\" >Direcci\u00f3n \/ Address<span class=\"jet-form__required\">*<\/span><\/span>\n\t<\/div><input class=\"jet-form__field text-field \" value=\"\" required=\"required\" name=\"Direccion_campo_s\" id=\"Direccion_campo_s\" type=\"text\" data-field-name=\"Direccion_campo_s\"><\/div><\/div><div  class=\"jet-form-row\"><div class=\"jet-form-col jet-form-col-6  field-type-text  jet-form-field-container\" data-field=\"Provincia_campo\" data-conditional=\"false\"><div class=\"jet-form__label\">\n\t<span class=\"jet-form__label-text\" >Provincia \/ Province<span class=\"jet-form__required\">*<\/span><\/span>\n\t<\/div><input class=\"jet-form__field text-field \" value=\"\" required=\"required\" name=\"Provincia_campo\" id=\"Provincia_campo\" type=\"text\" data-field-name=\"Provincia_campo\"><\/div><div class=\"jet-form-col jet-form-col-6  field-type-text  jet-form-field-container\" data-field=\"Codigo_postal_campo\" data-conditional=\"false\"><div class=\"jet-form__label\">\n\t<span class=\"jet-form__label-text\" >C\u00f3digo postal \/ Postal Code<span class=\"jet-form__required\">*<\/span><\/span>\n\t<\/div><input class=\"jet-form__field text-field \" value=\"\" required=\"required\" name=\"Codigo_postal_campo\" id=\"Codigo_postal_campo\" type=\"text\" data-field-name=\"Codigo_postal_campo\"><\/div><\/div><div  class=\"jet-form-row\"><div class=\"jet-form-col jet-form-col-6  field-type-text  jet-form-field-container\" data-field=\"Tel_movil\" data-conditional=\"false\"><div class=\"jet-form__label\">\n\t<span class=\"jet-form__label-text\" >Tel M\u00f3vil \/ Mobile phone<span class=\"jet-form__required\">*<\/span><\/span>\n\t<\/div><input class=\"jet-form__field text-field \" value=\"\" required=\"required\" name=\"Tel_movil\" id=\"Tel_movil\" type=\"text\" data-field-name=\"Tel_movil\"><\/div><div class=\"jet-form-col jet-form-col-6  field-type-text  jet-form-field-container\" data-field=\"Tel_fijo\" data-conditional=\"false\"><div class=\"jet-form__label\">\n\t<span class=\"jet-form__label-text\" >Tel\u00e9fono Fijo \/ Landline<\/span>\n\t<\/div><input class=\"jet-form__field text-field \" value=\"\" name=\"Tel_fijo\" id=\"Tel_fijo\" type=\"text\" data-field-name=\"Tel_fijo\"><\/div><\/div><div  class=\"jet-form-row jet-form-row--hidden\"><div class=\"jet-form-col jet-form-col-12  field-type-hidden  jet-form-field-container\" data-field=\"post_id\" data-conditional=\"false\"><input class=\"jet-form__field hidden-field\" type=\"hidden\" name=\"post_id\" value=\"2738\" data-field-name=\"post_id\"><\/div><\/div><div  class=\"jet-form-row\"><div class=\"jet-form-col jet-form-col-12  field-type-checkboxes  jet-form-field-container\" data-field=\"Aceptacion\" data-conditional=\"false\"><div class=\"jet-form__label\">\n\t<span class=\"jet-form__label-text\" >Pol\u00edtica de privacidad \/ Privacy policy<span class=\"jet-form__required\">*<\/span><\/span>\n\t<\/div><div class=\"jet-form__fields-group checkradio-wrap\">\t\t<div class=\"jet-form__field-wrap checkboxes-wrap checkradio-wrap\">\n\t\t\t\t\t\t<label class=\"jet-form__field-label\">\n\t\t\t\t<input\n\t\t\t\t\ttype=\"checkbox\"\n\t\t\t\t\tname=\"Aceptacion\"\n\t\t\t\t\tclass=\"jet-form__field checkboxes-field checkradio-field checkboxes-required\"\n\t\t\t\t\tvalue=\"ok\"\n\t\t\t\t\tdata-field-name=\"Aceptacion\"\n\t\t\t\t\t\t\t\t\t\trequired=\"required\"\t\t\t\t\t data-calculate=\"1\"\t\t\t\t>\n\t\t\t\tHe le\u00eddo y acepto la&nbsp;  <a href=\"https:\/\/www.contabiliza.es\/politica-de-privacidad\/\" target=\"_blank\" rel=\"noopener\">Pol\u00edtica de privacidad<\/a>\t\t\t<\/label>\n\t\t<\/div>\n\t\t<\/div><\/div><\/div><div  class=\"jet-form-row jet-form-row--submit\"><div class=\"jet-form-col jet-form-col-12  field-type-submit  jet-form-field-container\" data-field=\"Submit\" data-conditional=\"false\"><div class=\"jet-form__submit-wrap\">\n\t\t<button class=\"jet-form__submit submit-type-reload\" type=\"submit\">Submit<\/button>\n<\/div><\/div><\/div><input class=\"jet-form__field hidden-field\" type=\"hidden\" name=\"_jet_engine_nonce\" value=\"c48d16f64c\" data-field-name=\"_jet_engine_nonce\"><\/form>\t\t\t\t<\/div>\n\t\t\t\t<\/div>\n\t\t\t\t\t<\/div>\n\t\t<\/div>\n\t\t\t\t\t<\/div>\n\t\t<\/section>\n\t\t\t\t<\/div>\n\t\t","protected":false},"excerpt":{"rendered":"<p>Online application Freelance * Required fields Servicios* Contabilidad Fiscal Laboral 1 trabajador Laboral 2 trabajadores Laboral 3 trabajadores Laboral 4 trabajadores Laboral 5 trabajadores Precio Datos cliente Nombre * Apellidos * Fecha nacimiento* NIF \/ NIE \/ CIF* Provincia* C\u00f3digo postal* Direcci\u00f3n* Tel M\u00f3vil* Tel\u00e9fono Fijo Pol\u00edtica de privacidad* He le\u00eddo y acepto la&nbsp; Pol\u00edtica [&hellip;]<\/p>\n","protected":false},"author":3,"featured_media":0,"parent":0,"menu_order":0,"comment_status":"closed","ping_status":"closed","template":"","meta":{"footnotes":""},"class_list":["post-2738","page","type-page","status-publish","hentry"],"_links":{"self":[{"href":"https:\/\/contabiliza.es\/en\/wp-json\/wp\/v2\/pages\/2738","targetHints":{"allow":["GET"]}}],"collection":[{"href":"https:\/\/contabiliza.es\/en\/wp-json\/wp\/v2\/pages"}],"about":[{"href":"https:\/\/contabiliza.es\/en\/wp-json\/wp\/v2\/types\/page"}],"author":[{"embeddable":true,"href":"https:\/\/contabiliza.es\/en\/wp-json\/wp\/v2\/users\/3"}],"replies":[{"embeddable":true,"href":"https:\/\/contabiliza.es\/en\/wp-json\/wp\/v2\/comments?post=2738"}],"version-history":[{"count":8,"href":"https:\/\/contabiliza.es\/en\/wp-json\/wp\/v2\/pages\/2738\/revisions"}],"predecessor-version":[{"id":2752,"href":"https:\/\/contabiliza.es\/en\/wp-json\/wp\/v2\/pages\/2738\/revisions\/2752"}],"wp:attachment":[{"href":"https:\/\/contabiliza.es\/en\/wp-json\/wp\/v2\/media?parent=2738"}],"curies":[{"name":"wp","href":"https:\/\/api.w.org\/{rel}","templated":true}]}}